{"id":2261,"date":"2026-04-22T23:12:46","date_gmt":"2026-04-22T21:12:46","guid":{"rendered":"https:\/\/www.keramikahelienka.sk\/?post_type=product&#038;p=2261"},"modified":"2026-05-03T18:42:12","modified_gmt":"2026-05-03T16:42:12","slug":"art-object-dark-brown","status":"publish","type":"product","link":"https:\/\/www.keramikahelienka.sk\/en\/product\/art-object-dark-brown\/","title":{"rendered":"Art object dark brown"},"content":{"rendered":"<p>Made from black stoneware, which remains in its raw state on the surface after firing\u2014unglazed to emphasize its natural beauty without additional treatments. The surface is structured.<\/p>\n<p>The interior is coated with a transparent glaze. Waterproof.<\/p>\n<p>Only 1 piece available.<\/p>\n<p>A unique, one-of-a-kind creation that will beautifully complement any interior.<\/p>","protected":false},"excerpt":{"rendered":"<p>Made from black stoneware, which remains in its raw state on the surface after firing\u2014unglazed to emphasize its natural beauty without additional treatments. The surface is structured. The interior is coated with a transparent glaze. Waterproof. Only 1 piece available. A unique, one-of-a-kind creation that will beautifully complement any interior.<\/p>","protected":false},"featured_media":2258,"comment_status":"open","ping_status":"closed","template":"","meta":{"om_disable_all_campaigns":false,"_monsterinsights_skip_tracking":false,"_monsterinsights_sitenote_active":false,"_monsterinsights_sitenote_note":"","_monsterinsights_sitenote_category":0,"_uf_show_specific_survey":0,"_uf_disable_surveys":false,"site-sidebar-layout":"default","site-content-layout":"","ast-site-content-layout":"default","site-content-style":"default","site-sidebar-style":"default","ast-global-header-display":"","ast-banner-title-visibility":"","ast-main-header-display":"","ast-hfb-above-header-display":"","ast-hfb-below-header-display":"","ast-hfb-mobile-header-display":"","site-post-title":"","ast-breadcrumbs-content":"","ast-featured-img":"","footer-sml-layout":"","theme-transparent-header-meta":"default","adv-header-id-meta":"","stick-header-meta":"","header-above-stick-meta":"","header-main-stick-meta":"","header-below-stick-meta":"","astra-migrate-meta-layouts":"set","ast-page-background-enabled":"default","ast-page-background-meta":{"desktop":{"background-color":"var(--ast-global-color-4)","background-image":"","background-repeat":"repeat","background-position":"center center","background-size":"auto","background-attachment":"scroll","background-type":"","background-media":"","overlay-type":"","overlay-color":"","overlay-gradient":""},"tablet":{"background-color":"","background-image":"","background-repeat":"repeat","background-position":"center center","background-size":"auto","background-attachment":"scroll","background-type":"","background-media":"","overlay-type":"","overlay-color":"","overlay-gradient":""},"mobile":{"background-color":"","background-image":"","background-repeat":"repeat","background-position":"center center","background-size":"auto","background-attachment":"scroll","background-type":"","background-media":"","overlay-type":"","overlay-color":"","overlay-gradient":""}},"ast-content-background-meta":{"desktop":{"background-color":"var(--ast-global-color-5)","background-image":"","background-repeat":"repeat","background-position":"center center","background-size":"auto","background-attachment":"scroll","background-type":"","background-media":"","overlay-type":"","overlay-color":"","overlay-gradient":""},"tablet":{"background-color":"var(--ast-global-color-5)","background-image":"","background-repeat":"repeat","background-position":"center center","background-size":"auto","background-attachment":"scroll","background-type":"","background-media":"","overlay-type":"","overlay-color":"","overlay-gradient":""},"mobile":{"background-color":"var(--ast-global-color-5)","background-image":"","background-repeat":"repeat","background-position":"center center","background-size":"auto","background-attachment":"scroll","background-type":"","background-media":"","overlay-type":"","overlay-color":"","overlay-gradient":""}}},"product_brand":[],"product_cat":[25],"product_tag":[],"class_list":{"0":"post-2261","1":"product","2":"type-product","3":"status-publish","4":"has-post-thumbnail","6":"product_cat-vazy","7":"desktop-align-left","8":"tablet-align-left","9":"mobile-align-left","11":"first","12":"instock","13":"taxable","14":"shipping-taxable","15":"purchasable","16":"product-type-simple"},"yoast_head":"<!-- This site is optimized with the Yoast SEO plugin v27.6 - https:\/\/yoast.com\/product\/yoast-seo-wordpress\/ -->\n<title>Art object dark brown - Keramika He-lienka<\/title>\n<meta name=\"robots\" content=\"index, follow, max-snippet:-1, max-image-preview:large, max-video-preview:-1\" \/>\n<link rel=\"canonical\" href=\"https:\/\/www.keramikahelienka.sk\/en\/product\/art-object-dark-brown\/\" \/>\n<meta property=\"og:locale\" content=\"en_US\" \/>\n<meta property=\"og:type\" content=\"article\" \/>\n<meta property=\"og:title\" content=\"Art object dark brown - Keramika He-lienka\" \/>\n<meta property=\"og:description\" content=\"Made from black stoneware, which remains in its raw state on the surface after firing\u2014unglazed to emphasize its natural beauty without additional treatments. The surface is structured. The interior is coated with a transparent glaze. Waterproof. Only 1 piece available. A unique, one-of-a-kind creation that will beautifully complement any interior.\" \/>\n<meta property=\"og:url\" content=\"https:\/\/www.keramikahelienka.sk\/en\/product\/art-object-dark-brown\/\" \/>\n<meta property=\"og:site_name\" content=\"Keramika He-lienka\" \/>\n<meta property=\"article:publisher\" content=\"https:\/\/www.facebook.com\/keramikahe-lienka\" \/>\n<meta property=\"article:modified_time\" content=\"2026-05-03T16:42:12+00:00\" \/>\n<meta property=\"og:image\" content=\"https:\/\/www.keramikahelienka.sk\/wp-content\/uploads\/2026\/04\/IMG_2134-scaled.jpg\" \/>\n\t<meta property=\"og:image:width\" content=\"1920\" \/>\n\t<meta property=\"og:image:height\" content=\"2560\" \/>\n\t<meta property=\"og:image:type\" content=\"image\/jpeg\" \/>\n<meta name=\"twitter:card\" content=\"summary_large_image\" \/>\n<meta name=\"twitter:label1\" content=\"Est. reading time\" \/>\n\t<meta name=\"twitter:data1\" content=\"1 minute\" \/>\n<script type=\"application\/ld+json\" class=\"yoast-schema-graph\">{\"@context\":\"https:\\\/\\\/schema.org\",\"@graph\":[{\"@type\":\"WebPage\",\"@id\":\"https:\\\/\\\/www.keramikahelienka.sk\\\/produkt\\\/art-object-dark-brown\\\/\",\"url\":\"https:\\\/\\\/www.keramikahelienka.sk\\\/produkt\\\/art-object-dark-brown\\\/\",\"name\":\"Art object dark brown - Keramika He-lienka\",\"isPartOf\":{\"@id\":\"https:\\\/\\\/www.keramikahelienka.sk\\\/#website\"},\"primaryImageOfPage\":{\"@id\":\"https:\\\/\\\/www.keramikahelienka.sk\\\/produkt\\\/art-object-dark-brown\\\/#primaryimage\"},\"image\":{\"@id\":\"https:\\\/\\\/www.keramikahelienka.sk\\\/produkt\\\/art-object-dark-brown\\\/#primaryimage\"},\"thumbnailUrl\":\"https:\\\/\\\/www.keramikahelienka.sk\\\/wp-content\\\/uploads\\\/2026\\\/04\\\/IMG_2134-scaled.jpg\",\"datePublished\":\"2026-04-22T21:12:46+00:00\",\"dateModified\":\"2026-05-03T16:42:12+00:00\",\"breadcrumb\":{\"@id\":\"https:\\\/\\\/www.keramikahelienka.sk\\\/produkt\\\/art-object-dark-brown\\\/#breadcrumb\"},\"inLanguage\":\"en-US\",\"potentialAction\":[{\"@type\":\"ReadAction\",\"target\":[\"https:\\\/\\\/www.keramikahelienka.sk\\\/produkt\\\/art-object-dark-brown\\\/\"]}]},{\"@type\":\"ImageObject\",\"inLanguage\":\"en-US\",\"@id\":\"https:\\\/\\\/www.keramikahelienka.sk\\\/produkt\\\/art-object-dark-brown\\\/#primaryimage\",\"url\":\"https:\\\/\\\/www.keramikahelienka.sk\\\/wp-content\\\/uploads\\\/2026\\\/04\\\/IMG_2134-scaled.jpg\",\"contentUrl\":\"https:\\\/\\\/www.keramikahelienka.sk\\\/wp-content\\\/uploads\\\/2026\\\/04\\\/IMG_2134-scaled.jpg\",\"width\":1920,\"height\":2560},{\"@type\":\"BreadcrumbList\",\"@id\":\"https:\\\/\\\/www.keramikahelienka.sk\\\/produkt\\\/art-object-dark-brown\\\/#breadcrumb\",\"itemListElement\":[{\"@type\":\"ListItem\",\"position\":1,\"name\":\"Domovsk\u00e1 str\u00e1nka\",\"item\":\"https:\\\/\\\/www.keramikahelienka.sk\\\/\"},{\"@type\":\"ListItem\",\"position\":2,\"name\":\"Obchod\",\"item\":\"https:\\\/\\\/www.keramikahelienka.sk\\\/obchod\\\/\"},{\"@type\":\"ListItem\",\"position\":3,\"name\":\"Art object dark brown\"}]},{\"@type\":\"WebSite\",\"@id\":\"https:\\\/\\\/www.keramikahelienka.sk\\\/#website\",\"url\":\"https:\\\/\\\/www.keramikahelienka.sk\\\/\",\"name\":\"Keramika He-lienka\",\"description\":\"Kr\u00e1sa a \u00fa\u017eitok\",\"publisher\":{\"@id\":\"https:\\\/\\\/www.keramikahelienka.sk\\\/#organization\"},\"potentialAction\":[{\"@type\":\"SearchAction\",\"target\":{\"@type\":\"EntryPoint\",\"urlTemplate\":\"https:\\\/\\\/www.keramikahelienka.sk\\\/?s={search_term_string}\"},\"query-input\":{\"@type\":\"PropertyValueSpecification\",\"valueRequired\":true,\"valueName\":\"search_term_string\"}}],\"inLanguage\":\"en-US\"},{\"@type\":\"Organization\",\"@id\":\"https:\\\/\\\/www.keramikahelienka.sk\\\/#organization\",\"name\":\"Keramika He-lienka\",\"url\":\"https:\\\/\\\/www.keramikahelienka.sk\\\/\",\"logo\":{\"@type\":\"ImageObject\",\"inLanguage\":\"en-US\",\"@id\":\"https:\\\/\\\/www.keramikahelienka.sk\\\/#\\\/schema\\\/logo\\\/image\\\/\",\"url\":\"https:\\\/\\\/www.keramikahelienka.sk\\\/wp-content\\\/uploads\\\/2023\\\/11\\\/keramika-helienka-logo.png\",\"contentUrl\":\"https:\\\/\\\/www.keramikahelienka.sk\\\/wp-content\\\/uploads\\\/2023\\\/11\\\/keramika-helienka-logo.png\",\"width\":419,\"height\":197,\"caption\":\"Keramika He-lienka\"},\"image\":{\"@id\":\"https:\\\/\\\/www.keramikahelienka.sk\\\/#\\\/schema\\\/logo\\\/image\\\/\"},\"sameAs\":[\"https:\\\/\\\/www.facebook.com\\\/keramikahe-lienka\",\"https:\\\/\\\/www.instagram.com\\\/keramika_helienka\\\/\"]}]}<\/script>\n<!-- \/ Yoast SEO plugin. -->","yoast_head_json":{"title":"Art object dark brown - Keramika He-lienka","robots":{"index":"index","follow":"follow","max-snippet":"max-snippet:-1","max-image-preview":"max-image-preview:large","max-video-preview":"max-video-preview:-1"},"canonical":"https:\/\/www.keramikahelienka.sk\/en\/product\/art-object-dark-brown\/","og_locale":"en_US","og_type":"article","og_title":"Art object dark brown - Keramika He-lienka","og_description":"Made from black stoneware, which remains in its raw state on the surface after firing\u2014unglazed to emphasize its natural beauty without additional treatments. The surface is structured. The interior is coated with a transparent glaze. Waterproof. Only 1 piece available. A unique, one-of-a-kind creation that will beautifully complement any interior.","og_url":"https:\/\/www.keramikahelienka.sk\/en\/product\/art-object-dark-brown\/","og_site_name":"Keramika He-lienka","article_publisher":"https:\/\/www.facebook.com\/keramikahe-lienka","article_modified_time":"2026-05-03T16:42:12+00:00","og_image":[{"width":1920,"height":2560,"url":"https:\/\/www.keramikahelienka.sk\/wp-content\/uploads\/2026\/04\/IMG_2134-scaled.jpg","type":"image\/jpeg"}],"twitter_card":"summary_large_image","twitter_misc":{"Est. reading time":"1 minute"},"schema":{"@context":"https:\/\/schema.org","@graph":[{"@type":"WebPage","@id":"https:\/\/www.keramikahelienka.sk\/produkt\/art-object-dark-brown\/","url":"https:\/\/www.keramikahelienka.sk\/produkt\/art-object-dark-brown\/","name":"Art object dark brown - Keramika He-lienka","isPartOf":{"@id":"https:\/\/www.keramikahelienka.sk\/#website"},"primaryImageOfPage":{"@id":"https:\/\/www.keramikahelienka.sk\/produkt\/art-object-dark-brown\/#primaryimage"},"image":{"@id":"https:\/\/www.keramikahelienka.sk\/produkt\/art-object-dark-brown\/#primaryimage"},"thumbnailUrl":"https:\/\/www.keramikahelienka.sk\/wp-content\/uploads\/2026\/04\/IMG_2134-scaled.jpg","datePublished":"2026-04-22T21:12:46+00:00","dateModified":"2026-05-03T16:42:12+00:00","breadcrumb":{"@id":"https:\/\/www.keramikahelienka.sk\/produkt\/art-object-dark-brown\/#breadcrumb"},"inLanguage":"en-US","potentialAction":[{"@type":"ReadAction","target":["https:\/\/www.keramikahelienka.sk\/produkt\/art-object-dark-brown\/"]}]},{"@type":"ImageObject","inLanguage":"en-US","@id":"https:\/\/www.keramikahelienka.sk\/produkt\/art-object-dark-brown\/#primaryimage","url":"https:\/\/www.keramikahelienka.sk\/wp-content\/uploads\/2026\/04\/IMG_2134-scaled.jpg","contentUrl":"https:\/\/www.keramikahelienka.sk\/wp-content\/uploads\/2026\/04\/IMG_2134-scaled.jpg","width":1920,"height":2560},{"@type":"BreadcrumbList","@id":"https:\/\/www.keramikahelienka.sk\/produkt\/art-object-dark-brown\/#breadcrumb","itemListElement":[{"@type":"ListItem","position":1,"name":"Domovsk\u00e1 str\u00e1nka","item":"https:\/\/www.keramikahelienka.sk\/"},{"@type":"ListItem","position":2,"name":"Obchod","item":"https:\/\/www.keramikahelienka.sk\/obchod\/"},{"@type":"ListItem","position":3,"name":"Art object dark brown"}]},{"@type":"WebSite","@id":"https:\/\/www.keramikahelienka.sk\/#website","url":"https:\/\/www.keramikahelienka.sk\/","name":"Keramika He-lienka","description":"Kr\u00e1sa a \u00fa\u017eitok","publisher":{"@id":"https:\/\/www.keramikahelienka.sk\/#organization"},"potentialAction":[{"@type":"SearchAction","target":{"@type":"EntryPoint","urlTemplate":"https:\/\/www.keramikahelienka.sk\/?s={search_term_string}"},"query-input":{"@type":"PropertyValueSpecification","valueRequired":true,"valueName":"search_term_string"}}],"inLanguage":"en-US"},{"@type":"Organization","@id":"https:\/\/www.keramikahelienka.sk\/#organization","name":"Keramika He-lienka","url":"https:\/\/www.keramikahelienka.sk\/","logo":{"@type":"ImageObject","inLanguage":"en-US","@id":"https:\/\/www.keramikahelienka.sk\/#\/schema\/logo\/image\/","url":"https:\/\/www.keramikahelienka.sk\/wp-content\/uploads\/2023\/11\/keramika-helienka-logo.png","contentUrl":"https:\/\/www.keramikahelienka.sk\/wp-content\/uploads\/2023\/11\/keramika-helienka-logo.png","width":419,"height":197,"caption":"Keramika He-lienka"},"image":{"@id":"https:\/\/www.keramikahelienka.sk\/#\/schema\/logo\/image\/"},"sameAs":["https:\/\/www.facebook.com\/keramikahe-lienka","https:\/\/www.instagram.com\/keramika_helienka\/"]}]}},"jetpack_sharing_enabled":true,"_links":{"self":[{"href":"https:\/\/www.keramikahelienka.sk\/en\/wp-json\/wp\/v2\/product\/2261","targetHints":{"allow":["GET"]}}],"collection":[{"href":"https:\/\/www.keramikahelienka.sk\/en\/wp-json\/wp\/v2\/product"}],"about":[{"href":"https:\/\/www.keramikahelienka.sk\/en\/wp-json\/wp\/v2\/types\/product"}],"replies":[{"embeddable":true,"href":"https:\/\/www.keramikahelienka.sk\/en\/wp-json\/wp\/v2\/comments?post=2261"}],"wp:featuredmedia":[{"embeddable":true,"href":"https:\/\/www.keramikahelienka.sk\/en\/wp-json\/wp\/v2\/media\/2258"}],"wp:attachment":[{"href":"https:\/\/www.keramikahelienka.sk\/en\/wp-json\/wp\/v2\/media?parent=2261"}],"wp:term":[{"taxonomy":"product_brand","embeddable":true,"href":"https:\/\/www.keramikahelienka.sk\/en\/wp-json\/wp\/v2\/product_brand?post=2261"},{"taxonomy":"product_cat","embeddable":true,"href":"https:\/\/www.keramikahelienka.sk\/en\/wp-json\/wp\/v2\/product_cat?post=2261"},{"taxonomy":"product_tag","embeddable":true,"href":"https:\/\/www.keramikahelienka.sk\/en\/wp-json\/wp\/v2\/product_tag?post=2261"}],"curies":[{"name":"wp","href":"https:\/\/api.w.org\/{rel}","templated":true}]}}