{"id":2152,"date":"2025-10-19T20:42:27","date_gmt":"2025-10-19T18:42:27","guid":{"rendered":"https:\/\/www.keramikahelienka.sk\/?page_id=2152"},"modified":"2025-10-19T21:06:20","modified_gmt":"2025-10-19T19:06:20","slug":"keramikaayogavnebi","status":"publish","type":"page","link":"https:\/\/www.keramikahelienka.sk\/en\/keramikaayogavnebi\/","title":{"rendered":"Keramika a Yoga v Nebi"},"content":{"rendered":"<div data-elementor-type=\"wp-page\" data-elementor-id=\"2152\" class=\"elementor elementor-2152\">\n\t\t\t\t<div class=\"elementor-element elementor-element-4ffc782 e-flex e-con-boxed e-con e-parent\" data-id=\"4ffc782\" data-element_type=\"container\" data-e-type=\"container\">\n\t\t\t\t\t<div class=\"e-con-inner\">\n\t\t\t\t<div class=\"elementor-element elementor-element-110e13a elementor-arrows-position-inside elementor-pagination-position-outside elementor-widget elementor-widget-image-carousel\" data-id=\"110e13a\" data-element_type=\"widget\" data-e-type=\"widget\" data-settings=\"{&quot;slides_to_show&quot;:&quot;2&quot;,&quot;navigation&quot;:&quot;both&quot;,&quot;autoplay&quot;:&quot;yes&quot;,&quot;pause_on_hover&quot;:&quot;yes&quot;,&quot;pause_on_interaction&quot;:&quot;yes&quot;,&quot;autoplay_speed&quot;:5000,&quot;infinite&quot;:&quot;yes&quot;,&quot;speed&quot;:500}\" data-widget_type=\"image-carousel.default\">\n\t\t\t\t<div class=\"elementor-widget-container\">\n\t\t\t\t\t\t\t<div class=\"elementor-image-carousel-wrapper swiper\" role=\"region\" aria-roledescription=\"carousel\" aria-label=\"Obr\u00e1zkov\u00fd kot\u00fa\u010d\" dir=\"ltr\">\n\t\t\t<div class=\"elementor-image-carousel swiper-wrapper swiper-image-stretch\" aria-live=\"off\">\n\t\t\t\t\t\t\t\t<div class=\"swiper-slide\" role=\"group\" aria-roledescription=\"slide\" aria-label=\"1 of 6\"><a data-elementor-open-lightbox=\"yes\" data-elementor-lightbox-slideshow=\"110e13a\" data-elementor-lightbox-title=\"1\" data-e-action-hash=\"#elementor-action%3Aaction%3Dlightbox%26settings%3DeyJpZCI6MjEzOSwidXJsIjoiaHR0cHM6XC9cL3d3dy5rZXJhbWlrYWhlbGllbmthLnNrXC93cC1jb250ZW50XC91cGxvYWRzXC8yMDI1XC8xMFwvMS0xLnBuZyIsInNsaWRlc2hvdyI6IjExMGUxM2EifQ%3D%3D\" href=\"https:\/\/forms.gle\/gABoV1iatX4XaRgZA\"><figure class=\"swiper-slide-inner\"><img decoding=\"async\" class=\"swiper-slide-image\" src=\"https:\/\/www.keramikahelienka.sk\/wp-content\/uploads\/2025\/10\/1-1.png\" alt=\"1\" \/><\/figure><\/a><\/div><div class=\"swiper-slide\" role=\"group\" aria-roledescription=\"slide\" aria-label=\"2 of 6\"><a data-elementor-open-lightbox=\"yes\" data-elementor-lightbox-slideshow=\"110e13a\" data-elementor-lightbox-title=\"2\" data-e-action-hash=\"#elementor-action%3Aaction%3Dlightbox%26settings%3DeyJpZCI6MjEzNiwidXJsIjoiaHR0cHM6XC9cL3d3dy5rZXJhbWlrYWhlbGllbmthLnNrXC93cC1jb250ZW50XC91cGxvYWRzXC8yMDI1XC8xMFwvMi0xLnBuZyIsInNsaWRlc2hvdyI6IjExMGUxM2EifQ%3D%3D\" href=\"https:\/\/forms.gle\/gABoV1iatX4XaRgZA\"><figure class=\"swiper-slide-inner\"><img decoding=\"async\" class=\"swiper-slide-image\" src=\"https:\/\/www.keramikahelienka.sk\/wp-content\/uploads\/2025\/10\/2-1.png\" alt=\"2\" \/><\/figure><\/a><\/div><div class=\"swiper-slide\" role=\"group\" aria-roledescription=\"slide\" aria-label=\"3 of 6\"><a data-elementor-open-lightbox=\"yes\" data-elementor-lightbox-slideshow=\"110e13a\" data-elementor-lightbox-title=\"3\" data-e-action-hash=\"#elementor-action%3Aaction%3Dlightbox%26settings%3DeyJpZCI6MjEzNywidXJsIjoiaHR0cHM6XC9cL3d3dy5rZXJhbWlrYWhlbGllbmthLnNrXC93cC1jb250ZW50XC91cGxvYWRzXC8yMDI1XC8xMFwvMy0xLnBuZyIsInNsaWRlc2hvdyI6IjExMGUxM2EifQ%3D%3D\" href=\"https:\/\/forms.gle\/gABoV1iatX4XaRgZA\"><figure class=\"swiper-slide-inner\"><img decoding=\"async\" class=\"swiper-slide-image\" src=\"https:\/\/www.keramikahelienka.sk\/wp-content\/uploads\/2025\/10\/3-1.png\" alt=\"3\" \/><\/figure><\/a><\/div><div class=\"swiper-slide\" role=\"group\" aria-roledescription=\"slide\" aria-label=\"4 of 6\"><a data-elementor-open-lightbox=\"yes\" data-elementor-lightbox-slideshow=\"110e13a\" data-elementor-lightbox-title=\"4\" data-e-action-hash=\"#elementor-action%3Aaction%3Dlightbox%26settings%3DeyJpZCI6MjE0MCwidXJsIjoiaHR0cHM6XC9cL3d3dy5rZXJhbWlrYWhlbGllbmthLnNrXC93cC1jb250ZW50XC91cGxvYWRzXC8yMDI1XC8xMFwvNC0xLnBuZyIsInNsaWRlc2hvdyI6IjExMGUxM2EifQ%3D%3D\" href=\"https:\/\/forms.gle\/gABoV1iatX4XaRgZA\"><figure class=\"swiper-slide-inner\"><img decoding=\"async\" class=\"swiper-slide-image\" src=\"https:\/\/www.keramikahelienka.sk\/wp-content\/uploads\/2025\/10\/4-1.png\" alt=\"4\" \/><\/figure><\/a><\/div><div class=\"swiper-slide\" role=\"group\" aria-roledescription=\"slide\" aria-label=\"5 of 6\"><a data-elementor-open-lightbox=\"yes\" data-elementor-lightbox-slideshow=\"110e13a\" data-elementor-lightbox-title=\"5\" data-e-action-hash=\"#elementor-action%3Aaction%3Dlightbox%26settings%3DeyJpZCI6MjEzNCwidXJsIjoiaHR0cHM6XC9cL3d3dy5rZXJhbWlrYWhlbGllbmthLnNrXC93cC1jb250ZW50XC91cGxvYWRzXC8yMDI1XC8xMFwvNS0xLnBuZyIsInNsaWRlc2hvdyI6IjExMGUxM2EifQ%3D%3D\" href=\"https:\/\/forms.gle\/gABoV1iatX4XaRgZA\"><figure class=\"swiper-slide-inner\"><img decoding=\"async\" class=\"swiper-slide-image\" src=\"https:\/\/www.keramikahelienka.sk\/wp-content\/uploads\/2025\/10\/5-1.png\" alt=\"5\" \/><\/figure><\/a><\/div><div class=\"swiper-slide\" role=\"group\" aria-roledescription=\"slide\" aria-label=\"6 of 6\"><a data-elementor-open-lightbox=\"yes\" data-elementor-lightbox-slideshow=\"110e13a\" data-elementor-lightbox-title=\"6\" data-e-action-hash=\"#elementor-action%3Aaction%3Dlightbox%26settings%3DeyJpZCI6MjEzOCwidXJsIjoiaHR0cHM6XC9cL3d3dy5rZXJhbWlrYWhlbGllbmthLnNrXC93cC1jb250ZW50XC91cGxvYWRzXC8yMDI1XC8xMFwvNi0xLnBuZyIsInNsaWRlc2hvdyI6IjExMGUxM2EifQ%3D%3D\" href=\"https:\/\/forms.gle\/gABoV1iatX4XaRgZA\"><figure class=\"swiper-slide-inner\"><img decoding=\"async\" class=\"swiper-slide-image\" src=\"https:\/\/www.keramikahelienka.sk\/wp-content\/uploads\/2025\/10\/6-1.png\" alt=\"6\" \/><\/figure><\/a><\/div>\t\t\t<\/div>\n\t\t\t\t\t\t\t\t\t\t\t\t<div class=\"elementor-swiper-button elementor-swiper-button-prev\" role=\"button\" tabindex=\"0\">\n\t\t\t\t\t\t<svg aria-hidden=\"true\" class=\"e-font-icon-svg e-eicon-chevron-left\" viewbox=\"0 0 1000 1000\" xmlns=\"http:\/\/www.w3.org\/2000\/svg\"><path d=\"M646 125C629 125 613 133 604 142L308 442C296 454 292 471 292 487 292 504 296 521 308 533L604 854C617 867 629 875 646 875 663 875 679 871 692 858 704 846 713 829 713 812 713 796 708 779 692 767L438 487 692 225C700 217 708 204 708 187 708 171 704 154 692 142 675 129 663 125 646 125Z\"><\/path><\/svg>\t\t\t\t\t<\/div>\n\t\t\t\t\t<div class=\"elementor-swiper-button elementor-swiper-button-next\" role=\"button\" tabindex=\"0\">\n\t\t\t\t\t\t<svg aria-hidden=\"true\" class=\"e-font-icon-svg e-eicon-chevron-right\" viewbox=\"0 0 1000 1000\" xmlns=\"http:\/\/www.w3.org\/2000\/svg\"><path d=\"M696 533C708 521 713 504 713 487 713 471 708 454 696 446L400 146C388 133 375 125 354 125 338 125 325 129 313 142 300 154 292 171 292 187 292 204 296 221 308 233L563 492 304 771C292 783 288 800 288 817 288 833 296 850 308 863 321 871 338 875 354 875 371 875 388 867 400 854L696 533Z\"><\/path><\/svg>\t\t\t\t\t<\/div>\n\t\t\t\t\n\t\t\t\t\t\t\t\t\t<div class=\"swiper-pagination\"><\/div>\n\t\t\t\t\t\t\t\t\t<\/div>\n\t\t\t\t\t\t<\/div>\n\t\t\t\t<\/div>\n\t\t\t\t\t<\/div>\n\t\t\t\t<\/div>\n\t\t<div class=\"elementor-element elementor-element-d2b0f03 e-flex e-con-boxed e-con e-parent\" data-id=\"d2b0f03\" data-element_type=\"container\" data-e-type=\"container\">\n\t\t\t\t\t<div class=\"e-con-inner\">\n\t\t\t\t<div class=\"elementor-element elementor-element-740721e elementor-align-center elementor-widget elementor-widget-button\" data-id=\"740721e\" data-element_type=\"widget\" data-e-type=\"widget\" data-widget_type=\"button.default\">\n\t\t\t\t<div class=\"elementor-widget-container\">\n\t\t\t\t\t\t\t\t\t<div class=\"elementor-button-wrapper\">\n\t\t\t\t\t<a class=\"elementor-button elementor-button-link elementor-size-sm\" href=\"https:\/\/forms.gle\/gABoV1iatX4XaRgZA\">\n\t\t\t\t\t\t<span class=\"elementor-button-content-wrapper\">\n\t\t\t\t\t\t\t\t\t<span class=\"elementor-button-text\">Pre viac inform\u00e1ci\u00ed a prihl\u00e1senie klikni sem<\/span>\n\t\t\t\t\t<\/span>\n\t\t\t\t\t<\/a>\n\t\t\t\t<\/div>\n\t\t\t\t\t\t\t\t<\/div>\n\t\t\t\t<\/div>\n\t\t\t\t\t<\/div>\n\t\t\t\t<\/div>\n\t\t\t\t<\/div>","protected":false},"excerpt":{"rendered":"<p>Pre viac inform\u00e1ci\u00ed a prihl\u00e1senie klikni sem<\/p>","protected":false},"author":1,"featured_media":0,"parent":0,"menu_order":0,"comment_status":"closed","ping_status":"closed","template":"","meta":{"om_disable_all_campaigns":false,"_monsterinsights_skip_tracking":false,"_monsterinsights_sitenote_active":false,"_monsterinsights_sitenote_note":"","_monsterinsights_sitenote_category":0,"_uf_show_specific_survey":0,"_uf_disable_surveys":false,"site-sidebar-layout":"no-sidebar","site-content-layout":"page-builder","ast-site-content-layout":"full-width-container","site-content-style":"default","site-sidebar-style":"default","ast-global-header-display":"","ast-banner-title-visibility":"","ast-main-header-display":"","ast-hfb-above-header-display":"","ast-hfb-below-header-display":"","ast-hfb-mobile-header-display":"","site-post-title":"disabled","ast-breadcrumbs-content":"","ast-featured-img":"disabled","footer-sml-layout":"","theme-transparent-header-meta":"","adv-header-id-meta":"","stick-header-meta":"","header-above-stick-meta":"","header-main-stick-meta":"","header-below-stick-meta":"","astra-migrate-meta-layouts":"set","ast-page-background-enabled":"default","ast-page-background-meta":{"desktop":{"background-color":"var(--ast-global-color-4)","background-image":"","background-repeat":"repeat","background-position":"center center","background-size":"auto","background-attachment":"scroll","background-type":"","background-media":"","overlay-type":"","overlay-color":"","overlay-gradient":""},"tablet":{"background-color":"","background-image":"","background-repeat":"repeat","background-position":"center center","background-size":"auto","background-attachment":"scroll","background-type":"","background-media":"","overlay-type":"","overlay-color":"","overlay-gradient":""},"mobile":{"background-color":"","background-image":"","background-repeat":"repeat","background-position":"center center","background-size":"auto","background-attachment":"scroll","background-type":"","background-media":"","overlay-type":"","overlay-color":"","overlay-gradient":""}},"ast-content-background-meta":{"desktop":{"background-color":"var(--ast-global-color-5)","background-image":"","background-repeat":"repeat","background-position":"center center","background-size":"auto","background-attachment":"scroll","background-type":"","background-media":"","overlay-type":"","overlay-color":"","overlay-gradient":""},"tablet":{"background-color":"var(--ast-global-color-5)","background-image":"","background-repeat":"repeat","background-position":"center center","background-size":"auto","background-attachment":"scroll","background-type":"","background-media":"","overlay-type":"","overlay-color":"","overlay-gradient":""},"mobile":{"background-color":"var(--ast-global-color-5)","background-image":"","background-repeat":"repeat","background-position":"center center","background-size":"auto","background-attachment":"scroll","background-type":"","background-media":"","overlay-type":"","overlay-color":"","overlay-gradient":""}},"footnotes":""},"class_list":["post-2152","page","type-page","status-publish","hentry"],"yoast_head":"<!-- This site is optimized with the Yoast SEO plugin v27.5 - https:\/\/yoast.com\/product\/yoast-seo-wordpress\/ -->\n<title>Keramika a Yoga v Nebi - Keramika He-lienka<\/title>\n<meta name=\"robots\" content=\"index, follow, max-snippet:-1, max-image-preview:large, max-video-preview:-1\" \/>\n<link rel=\"canonical\" href=\"https:\/\/www.keramikahelienka.sk\/en\/keramikaayogavnebi\/\" \/>\n<meta property=\"og:locale\" content=\"en_US\" \/>\n<meta property=\"og:type\" content=\"article\" \/>\n<meta property=\"og:title\" content=\"Keramika a Yoga v Nebi - Keramika He-lienka\" \/>\n<meta property=\"og:description\" content=\"Pre viac inform\u00e1ci\u00ed a prihl\u00e1senie klikni sem\" \/>\n<meta property=\"og:url\" content=\"https:\/\/www.keramikahelienka.sk\/en\/keramikaayogavnebi\/\" \/>\n<meta property=\"og:site_name\" content=\"Keramika He-lienka\" \/>\n<meta property=\"article:publisher\" content=\"https:\/\/www.facebook.com\/keramikahe-lienka\" \/>\n<meta property=\"article:modified_time\" content=\"2025-10-19T19:06:20+00:00\" \/>\n<meta property=\"og:image\" content=\"https:\/\/www.keramikahelienka.sk\/wp-content\/uploads\/2025\/10\/1-1.png\" \/>\n<meta name=\"twitter:card\" content=\"summary_large_image\" \/>\n<meta name=\"twitter:label1\" content=\"Est. reading time\" \/>\n\t<meta name=\"twitter:data1\" content=\"2 minutes\" \/>\n<script type=\"application\/ld+json\" class=\"yoast-schema-graph\">{\"@context\":\"https:\\\/\\\/schema.org\",\"@graph\":[{\"@type\":\"WebPage\",\"@id\":\"https:\\\/\\\/www.keramikahelienka.sk\\\/keramikaayogavnebi\\\/\",\"url\":\"https:\\\/\\\/www.keramikahelienka.sk\\\/keramikaayogavnebi\\\/\",\"name\":\"Keramika a Yoga v Nebi - Keramika He-lienka\",\"isPartOf\":{\"@id\":\"https:\\\/\\\/www.keramikahelienka.sk\\\/#website\"},\"primaryImageOfPage\":{\"@id\":\"https:\\\/\\\/www.keramikahelienka.sk\\\/keramikaayogavnebi\\\/#primaryimage\"},\"image\":{\"@id\":\"https:\\\/\\\/www.keramikahelienka.sk\\\/keramikaayogavnebi\\\/#primaryimage\"},\"thumbnailUrl\":\"https:\\\/\\\/www.keramikahelienka.sk\\\/wp-content\\\/uploads\\\/2025\\\/10\\\/1-1.png\",\"datePublished\":\"2025-10-19T18:42:27+00:00\",\"dateModified\":\"2025-10-19T19:06:20+00:00\",\"breadcrumb\":{\"@id\":\"https:\\\/\\\/www.keramikahelienka.sk\\\/keramikaayogavnebi\\\/#breadcrumb\"},\"inLanguage\":\"en-US\",\"potentialAction\":[{\"@type\":\"ReadAction\",\"target\":[\"https:\\\/\\\/www.keramikahelienka.sk\\\/keramikaayogavnebi\\\/\"]}]},{\"@type\":\"ImageObject\",\"inLanguage\":\"en-US\",\"@id\":\"https:\\\/\\\/www.keramikahelienka.sk\\\/keramikaayogavnebi\\\/#primaryimage\",\"url\":\"https:\\\/\\\/www.keramikahelienka.sk\\\/wp-content\\\/uploads\\\/2025\\\/10\\\/1-1.png\",\"contentUrl\":\"https:\\\/\\\/www.keramikahelienka.sk\\\/wp-content\\\/uploads\\\/2025\\\/10\\\/1-1.png\"},{\"@type\":\"BreadcrumbList\",\"@id\":\"https:\\\/\\\/www.keramikahelienka.sk\\\/keramikaayogavnebi\\\/#breadcrumb\",\"itemListElement\":[{\"@type\":\"ListItem\",\"position\":1,\"name\":\"Domovsk\u00e1 str\u00e1nka\",\"item\":\"https:\\\/\\\/www.keramikahelienka.sk\\\/\"},{\"@type\":\"ListItem\",\"position\":2,\"name\":\"Keramika a Yoga v Nebi\"}]},{\"@type\":\"WebSite\",\"@id\":\"https:\\\/\\\/www.keramikahelienka.sk\\\/#website\",\"url\":\"https:\\\/\\\/www.keramikahelienka.sk\\\/\",\"name\":\"Keramika He-lienka\",\"description\":\"Kr\u00e1sa a \u00fa\u017eitok\",\"publisher\":{\"@id\":\"https:\\\/\\\/www.keramikahelienka.sk\\\/#organization\"},\"potentialAction\":[{\"@type\":\"SearchAction\",\"target\":{\"@type\":\"EntryPoint\",\"urlTemplate\":\"https:\\\/\\\/www.keramikahelienka.sk\\\/?s={search_term_string}\"},\"query-input\":{\"@type\":\"PropertyValueSpecification\",\"valueRequired\":true,\"valueName\":\"search_term_string\"}}],\"inLanguage\":\"en-US\"},{\"@type\":\"Organization\",\"@id\":\"https:\\\/\\\/www.keramikahelienka.sk\\\/#organization\",\"name\":\"Keramika He-lienka\",\"url\":\"https:\\\/\\\/www.keramikahelienka.sk\\\/\",\"logo\":{\"@type\":\"ImageObject\",\"inLanguage\":\"en-US\",\"@id\":\"https:\\\/\\\/www.keramikahelienka.sk\\\/#\\\/schema\\\/logo\\\/image\\\/\",\"url\":\"https:\\\/\\\/www.keramikahelienka.sk\\\/wp-content\\\/uploads\\\/2023\\\/11\\\/keramika-helienka-logo.png\",\"contentUrl\":\"https:\\\/\\\/www.keramikahelienka.sk\\\/wp-content\\\/uploads\\\/2023\\\/11\\\/keramika-helienka-logo.png\",\"width\":419,\"height\":197,\"caption\":\"Keramika He-lienka\"},\"image\":{\"@id\":\"https:\\\/\\\/www.keramikahelienka.sk\\\/#\\\/schema\\\/logo\\\/image\\\/\"},\"sameAs\":[\"https:\\\/\\\/www.facebook.com\\\/keramikahe-lienka\",\"https:\\\/\\\/www.instagram.com\\\/keramika_helienka\\\/\"]}]}<\/script>\n<!-- \/ Yoast SEO plugin. -->","yoast_head_json":{"title":"Keramika a Yoga v Nebi - Keramika He-lienka","robots":{"index":"index","follow":"follow","max-snippet":"max-snippet:-1","max-image-preview":"max-image-preview:large","max-video-preview":"max-video-preview:-1"},"canonical":"https:\/\/www.keramikahelienka.sk\/en\/keramikaayogavnebi\/","og_locale":"en_US","og_type":"article","og_title":"Keramika a Yoga v Nebi - Keramika He-lienka","og_description":"Pre viac inform\u00e1ci\u00ed a prihl\u00e1senie klikni sem","og_url":"https:\/\/www.keramikahelienka.sk\/en\/keramikaayogavnebi\/","og_site_name":"Keramika He-lienka","article_publisher":"https:\/\/www.facebook.com\/keramikahe-lienka","article_modified_time":"2025-10-19T19:06:20+00:00","og_image":[{"url":"https:\/\/www.keramikahelienka.sk\/wp-content\/uploads\/2025\/10\/1-1.png","type":"","width":"","height":""}],"twitter_card":"summary_large_image","twitter_misc":{"Est. reading time":"2 minutes"},"schema":{"@context":"https:\/\/schema.org","@graph":[{"@type":"WebPage","@id":"https:\/\/www.keramikahelienka.sk\/keramikaayogavnebi\/","url":"https:\/\/www.keramikahelienka.sk\/keramikaayogavnebi\/","name":"Keramika a Yoga v Nebi - Keramika He-lienka","isPartOf":{"@id":"https:\/\/www.keramikahelienka.sk\/#website"},"primaryImageOfPage":{"@id":"https:\/\/www.keramikahelienka.sk\/keramikaayogavnebi\/#primaryimage"},"image":{"@id":"https:\/\/www.keramikahelienka.sk\/keramikaayogavnebi\/#primaryimage"},"thumbnailUrl":"https:\/\/www.keramikahelienka.sk\/wp-content\/uploads\/2025\/10\/1-1.png","datePublished":"2025-10-19T18:42:27+00:00","dateModified":"2025-10-19T19:06:20+00:00","breadcrumb":{"@id":"https:\/\/www.keramikahelienka.sk\/keramikaayogavnebi\/#breadcrumb"},"inLanguage":"en-US","potentialAction":[{"@type":"ReadAction","target":["https:\/\/www.keramikahelienka.sk\/keramikaayogavnebi\/"]}]},{"@type":"ImageObject","inLanguage":"en-US","@id":"https:\/\/www.keramikahelienka.sk\/keramikaayogavnebi\/#primaryimage","url":"https:\/\/www.keramikahelienka.sk\/wp-content\/uploads\/2025\/10\/1-1.png","contentUrl":"https:\/\/www.keramikahelienka.sk\/wp-content\/uploads\/2025\/10\/1-1.png"},{"@type":"BreadcrumbList","@id":"https:\/\/www.keramikahelienka.sk\/keramikaayogavnebi\/#breadcrumb","itemListElement":[{"@type":"ListItem","position":1,"name":"Domovsk\u00e1 str\u00e1nka","item":"https:\/\/www.keramikahelienka.sk\/"},{"@type":"ListItem","position":2,"name":"Keramika a Yoga v Nebi"}]},{"@type":"WebSite","@id":"https:\/\/www.keramikahelienka.sk\/#website","url":"https:\/\/www.keramikahelienka.sk\/","name":"Keramika He-lienka","description":"Kr\u00e1sa a \u00fa\u017eitok","publisher":{"@id":"https:\/\/www.keramikahelienka.sk\/#organization"},"potentialAction":[{"@type":"SearchAction","target":{"@type":"EntryPoint","urlTemplate":"https:\/\/www.keramikahelienka.sk\/?s={search_term_string}"},"query-input":{"@type":"PropertyValueSpecification","valueRequired":true,"valueName":"search_term_string"}}],"inLanguage":"en-US"},{"@type":"Organization","@id":"https:\/\/www.keramikahelienka.sk\/#organization","name":"Keramika He-lienka","url":"https:\/\/www.keramikahelienka.sk\/","logo":{"@type":"ImageObject","inLanguage":"en-US","@id":"https:\/\/www.keramikahelienka.sk\/#\/schema\/logo\/image\/","url":"https:\/\/www.keramikahelienka.sk\/wp-content\/uploads\/2023\/11\/keramika-helienka-logo.png","contentUrl":"https:\/\/www.keramikahelienka.sk\/wp-content\/uploads\/2023\/11\/keramika-helienka-logo.png","width":419,"height":197,"caption":"Keramika He-lienka"},"image":{"@id":"https:\/\/www.keramikahelienka.sk\/#\/schema\/logo\/image\/"},"sameAs":["https:\/\/www.facebook.com\/keramikahe-lienka","https:\/\/www.instagram.com\/keramika_helienka\/"]}]}},"jetpack_sharing_enabled":true,"_links":{"self":[{"href":"https:\/\/www.keramikahelienka.sk\/en\/wp-json\/wp\/v2\/pages\/2152","targetHints":{"allow":["GET"]}}],"collection":[{"href":"https:\/\/www.keramikahelienka.sk\/en\/wp-json\/wp\/v2\/pages"}],"about":[{"href":"https:\/\/www.keramikahelienka.sk\/en\/wp-json\/wp\/v2\/types\/page"}],"author":[{"embeddable":true,"href":"https:\/\/www.keramikahelienka.sk\/en\/wp-json\/wp\/v2\/users\/1"}],"replies":[{"embeddable":true,"href":"https:\/\/www.keramikahelienka.sk\/en\/wp-json\/wp\/v2\/comments?post=2152"}],"version-history":[{"count":41,"href":"https:\/\/www.keramikahelienka.sk\/en\/wp-json\/wp\/v2\/pages\/2152\/revisions"}],"predecessor-version":[{"id":2195,"href":"https:\/\/www.keramikahelienka.sk\/en\/wp-json\/wp\/v2\/pages\/2152\/revisions\/2195"}],"wp:attachment":[{"href":"https:\/\/www.keramikahelienka.sk\/en\/wp-json\/wp\/v2\/media?parent=2152"}],"curies":[{"name":"wp","href":"https:\/\/api.w.org\/{rel}","templated":true}]}}