{"id":14,"date":"2021-11-21T15:14:19","date_gmt":"2021-11-21T15:14:19","guid":{"rendered":"https:\/\/www.keramikahelienka.sk\/about\/"},"modified":"2023-12-01T16:53:11","modified_gmt":"2023-12-01T15:53:11","slug":"o_nas","status":"publish","type":"page","link":"https:\/\/www.keramikahelienka.sk\/en\/o_nas\/","title":{"rendered":"ABOUT US"},"content":{"rendered":"<div data-elementor-type=\"wp-page\" data-elementor-id=\"14\" class=\"elementor elementor-14\">\n\t\t\t\t\t\t<section class=\"elementor-section elementor-top-section elementor-element elementor-element-3447f83 elementor-section-height-min-height elementor-section-content-space-evenly elementor-section-boxed elementor-section-height-default elementor-section-items-middle\" data-id=\"3447f83\" data-element_type=\"section\" data-e-type=\"section\" data-settings=\"{&quot;background_background&quot;:&quot;classic&quot;}\">\n\t\t\t\t\t\t<div class=\"elementor-container elementor-column-gap-narrow\">\n\t\t\t\t\t<div class=\"elementor-column elementor-col-100 elementor-top-column elementor-element elementor-element-b3a35f8\" data-id=\"b3a35f8\" data-element_type=\"column\" data-e-type=\"column\">\n\t\t\t<div class=\"elementor-widget-wrap elementor-element-populated\">\n\t\t\t\t\t\t<div class=\"elementor-element elementor-element-32eb271 elementor-widget elementor-widget-heading\" data-id=\"32eb271\" data-element_type=\"widget\" data-e-type=\"widget\" data-widget_type=\"heading.default\">\n\t\t\t\t<div class=\"elementor-widget-container\">\n\t\t\t\t\t<h1 class=\"elementor-heading-title elementor-size-default\">Kto som?<\/h1>\t\t\t\t<\/div>\n\t\t\t\t<\/div>\n\t\t\t\t\t<\/div>\n\t\t<\/div>\n\t\t\t\t\t<\/div>\n\t\t<\/section>\n\t\t\t\t<section class=\"elementor-section elementor-top-section elementor-element elementor-element-460970c elementor-section-boxed elementor-section-height-default elementor-section-height-default\" data-id=\"460970c\" data-element_type=\"section\" data-e-type=\"section\">\n\t\t\t\t\t\t<div class=\"elementor-container elementor-column-gap-wide\">\n\t\t\t\t\t<div class=\"elementor-column elementor-col-50 elementor-top-column elementor-element elementor-element-21f68a6\" data-id=\"21f68a6\" data-element_type=\"column\" data-e-type=\"column\">\n\t\t\t<div class=\"elementor-widget-wrap elementor-element-populated\">\n\t\t\t\t\t\t<div class=\"elementor-element elementor-element-670e6d2 elementor-widget elementor-widget-image\" data-id=\"670e6d2\" data-element_type=\"widget\" data-e-type=\"widget\" data-widget_type=\"image.default\">\n\t\t\t\t<div class=\"elementor-widget-container\">\n\t\t\t\t\t\t\t\t\t\t\t\t\t\t\t<img fetchpriority=\"high\" decoding=\"async\" width=\"858\" height=\"1024\" src=\"https:\/\/www.keramikahelienka.sk\/wp-content\/uploads\/2023\/11\/Helena-858x1024.jpg\" class=\"attachment-large size-large wp-image-1960\" alt=\"\" srcset=\"https:\/\/www.keramikahelienka.sk\/wp-content\/uploads\/2023\/11\/Helena-858x1024.jpg 858w, https:\/\/www.keramikahelienka.sk\/wp-content\/uploads\/2023\/11\/Helena-251x300.jpg 251w, https:\/\/www.keramikahelienka.sk\/wp-content\/uploads\/2023\/11\/Helena-768x917.jpg 768w, https:\/\/www.keramikahelienka.sk\/wp-content\/uploads\/2023\/11\/Helena-1286x1536.jpg 1286w, https:\/\/www.keramikahelienka.sk\/wp-content\/uploads\/2023\/11\/Helena.jpg 1715w\" sizes=\"(max-width: 858px) 100vw, 858px\" \/>\t\t\t\t\t\t\t\t\t\t\t\t\t\t\t<\/div>\n\t\t\t\t<\/div>\n\t\t\t\t\t<\/div>\n\t\t<\/div>\n\t\t\t\t<div class=\"elementor-column elementor-col-50 elementor-top-column elementor-element elementor-element-bc42c60\" data-id=\"bc42c60\" data-element_type=\"column\" data-e-type=\"column\">\n\t\t\t<div class=\"elementor-widget-wrap elementor-element-populated\">\n\t\t\t\t\t\t<div class=\"elementor-element elementor-element-0073403 elementor-widget elementor-widget-heading\" data-id=\"0073403\" data-element_type=\"widget\" data-e-type=\"widget\" data-widget_type=\"heading.default\">\n\t\t\t\t<div class=\"elementor-widget-container\">\n\t\t\t\t\t<h2 class=\"elementor-heading-title elementor-size-default\">Som Helenka<\/h2>\t\t\t\t<\/div>\n\t\t\t\t<\/div>\n\t\t\t\t<div class=\"elementor-element elementor-element-60241e2 elementor-widget elementor-widget-text-editor\" data-id=\"60241e2\" data-element_type=\"widget\" data-e-type=\"widget\" data-widget_type=\"text-editor.default\">\n\t\t\t\t<div class=\"elementor-widget-container\">\n\t\t\t\t\t\t\t\t\t<p>Kr\u00e1sa. V\u017edy ma fascinovala a prin\u00e1\u0161ala rados\u0165, pribli\u017eovala ma k jej P\u00f4vodcovi. Keramiku som si kupovala a obdivovala. A\u017e pri\u0161iel de\u0148, kedy som ju za\u010dala aj ja tvori\u0165. Je to \u00fa\u017easn\u00fd pocit, ke\u010f pod mojimi rukami hlina dost\u00e1va tvar a prostredn\u00edctvom vzduchu a oh\u0148a sa men\u00ed v trv\u00e1cu podobu. Sna\u017e\u00edm sa, aby dielka boli nielen oku lahodiace, ale aj praktick\u00e9 a u\u017eito\u010dn\u00e9. Ver\u00edm, \u017ee prines\u00fa rados\u0165 aj v\u00e1m.<\/p>\t\t\t\t\t\t\t\t<\/div>\n\t\t\t\t<\/div>\n\t\t\t\t\t<\/div>\n\t\t<\/div>\n\t\t\t\t\t<\/div>\n\t\t<\/section>\n\t\t\t\t<section class=\"elementor-section elementor-top-section elementor-element elementor-element-cde0efe elementor-section-content-middle elementor-section-boxed elementor-section-height-default elementor-section-height-default\" data-id=\"cde0efe\" data-element_type=\"section\" data-e-type=\"section\" data-settings=\"{&quot;background_background&quot;:&quot;classic&quot;}\">\n\t\t\t\t\t\t<div class=\"elementor-container elementor-column-gap-default\">\n\t\t\t\t\t<div class=\"elementor-column elementor-col-100 elementor-top-column elementor-element elementor-element-8f2eeb9\" data-id=\"8f2eeb9\" data-element_type=\"column\" data-e-type=\"column\">\n\t\t\t<div class=\"elementor-widget-wrap elementor-element-populated\">\n\t\t\t\t\t\t<div class=\"elementor-element elementor-element-322bb4e elementor-widget elementor-widget-heading\" data-id=\"322bb4e\" data-element_type=\"widget\" data-e-type=\"widget\" data-widget_type=\"heading.default\">\n\t\t\t\t<div class=\"elementor-widget-container\">\n\t\t\t\t\t<h2 class=\"elementor-heading-title elementor-size-default\">Zaujalo v\u00e1s nie\u010do?<\/h2>\t\t\t\t<\/div>\n\t\t\t\t<\/div>\n\t\t\t\t<div class=\"elementor-element elementor-element-63eaa9b elementor-widget elementor-widget-text-editor\" data-id=\"63eaa9b\" data-element_type=\"widget\" data-e-type=\"widget\" data-widget_type=\"text-editor.default\">\n\t\t\t\t<div class=\"elementor-widget-container\">\n\t\t\t\t\t\t\t\t\t<p>Ak si chcete k\u00fapi\u0165 v\u00fdnimo\u010dn\u00fd v\u00fdrobok \u010di u\u017e pre seba alebo ako dar\u010dek, pr\u00edpadne sa chcete prihl\u00e1si\u0165 na kurz, ozvite sa.<\/p>\t\t\t\t\t\t\t\t<\/div>\n\t\t\t\t<\/div>\n\t\t\t\t<div class=\"elementor-element elementor-element-5cc4301 elementor-align-center elementor-widget elementor-widget-button\" data-id=\"5cc4301\" data-element_type=\"widget\" data-e-type=\"widget\" data-widget_type=\"button.default\">\n\t\t\t\t<div class=\"elementor-widget-container\">\n\t\t\t\t\t\t\t\t\t<div class=\"elementor-button-wrapper\">\n\t\t\t\t\t<a class=\"elementor-button elementor-button-link elementor-size-sm\" href=\"#\">\n\t\t\t\t\t\t<span class=\"elementor-button-content-wrapper\">\n\t\t\t\t\t\t\t\t\t<span class=\"elementor-button-text\">Tu ma n\u00e1jdete<\/span>\n\t\t\t\t\t<\/span>\n\t\t\t\t\t<\/a>\n\t\t\t\t<\/div>\n\t\t\t\t\t\t\t\t<\/div>\n\t\t\t\t<\/div>\n\t\t\t\t\t<\/div>\n\t\t<\/div>\n\t\t\t\t\t<\/div>\n\t\t<\/section>\n\t\t\t\t<\/div>","protected":false},"excerpt":{"rendered":"<p>Kto som? Som Helenka Kr\u00e1sa. V\u017edy ma fascinovala a prin\u00e1\u0161ala rados\u0165, pribli\u017eovala ma k jej P\u00f4vodcovi. Keramiku som si kupovala a obdivovala. A\u017e pri\u0161iel de\u0148, kedy som ju za\u010dala aj ja tvori\u0165. Je to \u00fa\u017easn\u00fd pocit, ke\u010f pod mojimi rukami hlina dost\u00e1va tvar a prostredn\u00edctvom vzduchu a oh\u0148a sa men\u00ed v trv\u00e1cu podobu. Sna\u017e\u00edm sa, &hellip;<\/p>\n<p class=\"read-more\"> <a class=\"\" href=\"https:\/\/www.keramikahelienka.sk\/en\/o_nas\/\"> <span class=\"screen-reader-text\">ABOUT US<\/span> Read More &raquo;<\/a><\/p>","protected":false},"author":1,"featured_media":0,"parent":0,"menu_order":0,"comment_status":"closed","ping_status":"closed","template":"","meta":{"om_disable_all_campaigns":false,"_monsterinsights_skip_tracking":false,"_monsterinsights_sitenote_active":false,"_monsterinsights_sitenote_note":"","_monsterinsights_sitenote_category":0,"_uf_show_specific_survey":0,"_uf_disable_surveys":false,"site-sidebar-layout":"no-sidebar","site-content-layout":"page-builder","ast-site-content-layout":"","site-content-style":"default","site-sidebar-style":"default","ast-global-header-display":"","ast-banner-title-visibility":"","ast-main-header-display":"","ast-hfb-above-header-display":"","ast-hfb-below-header-display":"","ast-hfb-mobile-header-display":"","site-post-title":"disabled","ast-breadcrumbs-content":"","ast-featured-img":"disabled","footer-sml-layout":"","theme-transparent-header-meta":"enabled","adv-header-id-meta":"","stick-header-meta":"","header-above-stick-meta":"","header-main-stick-meta":"","header-below-stick-meta":"","astra-migrate-meta-layouts":"","ast-page-background-enabled":"default","ast-page-background-meta":{"desktop":{"background-color":"var(--ast-global-color-4)","background-image":"","background-repeat":"repeat","background-position":"center center","background-size":"auto","background-attachment":"scroll","background-type":"","background-media":"","overlay-type":"","overlay-color":"","overlay-gradient":""},"tablet":{"background-color":"","background-image":"","background-repeat":"repeat","background-position":"center center","background-size":"auto","background-attachment":"scroll","background-type":"","background-media":"","overlay-type":"","overlay-color":"","overlay-gradient":""},"mobile":{"background-color":"","background-image":"","background-repeat":"repeat","background-position":"center center","background-size":"auto","background-attachment":"scroll","background-type":"","background-media":"","overlay-type":"","overlay-color":"","overlay-gradient":""}},"ast-content-background-meta":{"desktop":{"background-color":"var(--ast-global-color-5)","background-image":"","background-repeat":"repeat","background-position":"center center","background-size":"auto","background-attachment":"scroll","background-type":"","background-media":"","overlay-type":"","overlay-color":"","overlay-gradient":""},"tablet":{"background-color":"var(--ast-global-color-5)","background-image":"","background-repeat":"repeat","background-position":"center center","background-size":"auto","background-attachment":"scroll","background-type":"","background-media":"","overlay-type":"","overlay-color":"","overlay-gradient":""},"mobile":{"background-color":"var(--ast-global-color-5)","background-image":"","background-repeat":"repeat","background-position":"center center","background-size":"auto","background-attachment":"scroll","background-type":"","background-media":"","overlay-type":"","overlay-color":"","overlay-gradient":""}},"footnotes":""},"class_list":["post-14","page","type-page","status-publish","hentry"],"yoast_head":"<!-- This site is optimized with the Yoast SEO plugin v27.6 - https:\/\/yoast.com\/product\/yoast-seo-wordpress\/ -->\n<title>O N\u00c1S - Keramika He-lienka<\/title>\n<meta name=\"robots\" content=\"index, follow, max-snippet:-1, max-image-preview:large, max-video-preview:-1\" \/>\n<link rel=\"canonical\" href=\"https:\/\/www.keramikahelienka.sk\/en\/o_nas\/\" \/>\n<meta property=\"og:locale\" content=\"en_US\" \/>\n<meta property=\"og:type\" content=\"article\" \/>\n<meta property=\"og:title\" content=\"O N\u00c1S - Keramika He-lienka\" \/>\n<meta property=\"og:description\" content=\"Kto som? Som Helenka Kr\u00e1sa. V\u017edy ma fascinovala a prin\u00e1\u0161ala rados\u0165, pribli\u017eovala ma k jej P\u00f4vodcovi. Keramiku som si kupovala a obdivovala. A\u017e pri\u0161iel de\u0148, kedy som ju za\u010dala aj ja tvori\u0165. Je to \u00fa\u017easn\u00fd pocit, ke\u010f pod mojimi rukami hlina dost\u00e1va tvar a prostredn\u00edctvom vzduchu a oh\u0148a sa men\u00ed v trv\u00e1cu podobu. Sna\u017e\u00edm sa, &hellip; O N\u00c1S Read More &raquo;\" \/>\n<meta property=\"og:url\" content=\"https:\/\/www.keramikahelienka.sk\/en\/o_nas\/\" \/>\n<meta property=\"og:site_name\" content=\"Keramika He-lienka\" \/>\n<meta property=\"article:publisher\" content=\"https:\/\/www.facebook.com\/keramikahe-lienka\" \/>\n<meta property=\"article:modified_time\" content=\"2023-12-01T15:53:11+00:00\" \/>\n<meta property=\"og:image\" content=\"https:\/\/www.keramikahelienka.sk\/wp-content\/uploads\/2023\/11\/Helena-858x1024.jpg\" \/>\n<meta name=\"twitter:card\" content=\"summary_large_image\" \/>\n<meta name=\"twitter:label1\" content=\"Est. reading time\" \/>\n\t<meta name=\"twitter:data1\" content=\"1 minute\" \/>\n<script type=\"application\/ld+json\" class=\"yoast-schema-graph\">{\"@context\":\"https:\\\/\\\/schema.org\",\"@graph\":[{\"@type\":\"WebPage\",\"@id\":\"https:\\\/\\\/www.keramikahelienka.sk\\\/o_nas\\\/\",\"url\":\"https:\\\/\\\/www.keramikahelienka.sk\\\/o_nas\\\/\",\"name\":\"O N\u00c1S - Keramika He-lienka\",\"isPartOf\":{\"@id\":\"https:\\\/\\\/www.keramikahelienka.sk\\\/#website\"},\"primaryImageOfPage\":{\"@id\":\"https:\\\/\\\/www.keramikahelienka.sk\\\/o_nas\\\/#primaryimage\"},\"image\":{\"@id\":\"https:\\\/\\\/www.keramikahelienka.sk\\\/o_nas\\\/#primaryimage\"},\"thumbnailUrl\":\"https:\\\/\\\/www.keramikahelienka.sk\\\/wp-content\\\/uploads\\\/2023\\\/11\\\/Helena-858x1024.jpg\",\"datePublished\":\"2021-11-21T15:14:19+00:00\",\"dateModified\":\"2023-12-01T15:53:11+00:00\",\"breadcrumb\":{\"@id\":\"https:\\\/\\\/www.keramikahelienka.sk\\\/o_nas\\\/#breadcrumb\"},\"inLanguage\":\"en-US\",\"potentialAction\":[{\"@type\":\"ReadAction\",\"target\":[\"https:\\\/\\\/www.keramikahelienka.sk\\\/o_nas\\\/\"]}]},{\"@type\":\"ImageObject\",\"inLanguage\":\"en-US\",\"@id\":\"https:\\\/\\\/www.keramikahelienka.sk\\\/o_nas\\\/#primaryimage\",\"url\":\"https:\\\/\\\/www.keramikahelienka.sk\\\/wp-content\\\/uploads\\\/2023\\\/11\\\/Helena-858x1024.jpg\",\"contentUrl\":\"https:\\\/\\\/www.keramikahelienka.sk\\\/wp-content\\\/uploads\\\/2023\\\/11\\\/Helena-858x1024.jpg\"},{\"@type\":\"BreadcrumbList\",\"@id\":\"https:\\\/\\\/www.keramikahelienka.sk\\\/o_nas\\\/#breadcrumb\",\"itemListElement\":[{\"@type\":\"ListItem\",\"position\":1,\"name\":\"Domovsk\u00e1 str\u00e1nka\",\"item\":\"https:\\\/\\\/www.keramikahelienka.sk\\\/\"},{\"@type\":\"ListItem\",\"position\":2,\"name\":\"O N\u00c1S\"}]},{\"@type\":\"WebSite\",\"@id\":\"https:\\\/\\\/www.keramikahelienka.sk\\\/#website\",\"url\":\"https:\\\/\\\/www.keramikahelienka.sk\\\/\",\"name\":\"Keramika He-lienka\",\"description\":\"Kr\u00e1sa a \u00fa\u017eitok\",\"publisher\":{\"@id\":\"https:\\\/\\\/www.keramikahelienka.sk\\\/#organization\"},\"potentialAction\":[{\"@type\":\"SearchAction\",\"target\":{\"@type\":\"EntryPoint\",\"urlTemplate\":\"https:\\\/\\\/www.keramikahelienka.sk\\\/?s={search_term_string}\"},\"query-input\":{\"@type\":\"PropertyValueSpecification\",\"valueRequired\":true,\"valueName\":\"search_term_string\"}}],\"inLanguage\":\"en-US\"},{\"@type\":\"Organization\",\"@id\":\"https:\\\/\\\/www.keramikahelienka.sk\\\/#organization\",\"name\":\"Keramika He-lienka\",\"url\":\"https:\\\/\\\/www.keramikahelienka.sk\\\/\",\"logo\":{\"@type\":\"ImageObject\",\"inLanguage\":\"en-US\",\"@id\":\"https:\\\/\\\/www.keramikahelienka.sk\\\/#\\\/schema\\\/logo\\\/image\\\/\",\"url\":\"https:\\\/\\\/www.keramikahelienka.sk\\\/wp-content\\\/uploads\\\/2023\\\/11\\\/keramika-helienka-logo.png\",\"contentUrl\":\"https:\\\/\\\/www.keramikahelienka.sk\\\/wp-content\\\/uploads\\\/2023\\\/11\\\/keramika-helienka-logo.png\",\"width\":419,\"height\":197,\"caption\":\"Keramika He-lienka\"},\"image\":{\"@id\":\"https:\\\/\\\/www.keramikahelienka.sk\\\/#\\\/schema\\\/logo\\\/image\\\/\"},\"sameAs\":[\"https:\\\/\\\/www.facebook.com\\\/keramikahe-lienka\",\"https:\\\/\\\/www.instagram.com\\\/keramika_helienka\\\/\"]}]}<\/script>\n<!-- \/ Yoast SEO plugin. -->","yoast_head_json":{"title":"O N\u00c1S - Keramika He-lienka","robots":{"index":"index","follow":"follow","max-snippet":"max-snippet:-1","max-image-preview":"max-image-preview:large","max-video-preview":"max-video-preview:-1"},"canonical":"https:\/\/www.keramikahelienka.sk\/en\/o_nas\/","og_locale":"en_US","og_type":"article","og_title":"O N\u00c1S - Keramika He-lienka","og_description":"Kto som? Som Helenka Kr\u00e1sa. V\u017edy ma fascinovala a prin\u00e1\u0161ala rados\u0165, pribli\u017eovala ma k jej P\u00f4vodcovi. Keramiku som si kupovala a obdivovala. A\u017e pri\u0161iel de\u0148, kedy som ju za\u010dala aj ja tvori\u0165. Je to \u00fa\u017easn\u00fd pocit, ke\u010f pod mojimi rukami hlina dost\u00e1va tvar a prostredn\u00edctvom vzduchu a oh\u0148a sa men\u00ed v trv\u00e1cu podobu. Sna\u017e\u00edm sa, &hellip; O N\u00c1S Read More &raquo;","og_url":"https:\/\/www.keramikahelienka.sk\/en\/o_nas\/","og_site_name":"Keramika He-lienka","article_publisher":"https:\/\/www.facebook.com\/keramikahe-lienka","article_modified_time":"2023-12-01T15:53:11+00:00","og_image":[{"url":"https:\/\/www.keramikahelienka.sk\/wp-content\/uploads\/2023\/11\/Helena-858x1024.jpg","type":"","width":"","height":""}],"twitter_card":"summary_large_image","twitter_misc":{"Est. reading time":"1 minute"},"schema":{"@context":"https:\/\/schema.org","@graph":[{"@type":"WebPage","@id":"https:\/\/www.keramikahelienka.sk\/o_nas\/","url":"https:\/\/www.keramikahelienka.sk\/o_nas\/","name":"O N\u00c1S - Keramika He-lienka","isPartOf":{"@id":"https:\/\/www.keramikahelienka.sk\/#website"},"primaryImageOfPage":{"@id":"https:\/\/www.keramikahelienka.sk\/o_nas\/#primaryimage"},"image":{"@id":"https:\/\/www.keramikahelienka.sk\/o_nas\/#primaryimage"},"thumbnailUrl":"https:\/\/www.keramikahelienka.sk\/wp-content\/uploads\/2023\/11\/Helena-858x1024.jpg","datePublished":"2021-11-21T15:14:19+00:00","dateModified":"2023-12-01T15:53:11+00:00","breadcrumb":{"@id":"https:\/\/www.keramikahelienka.sk\/o_nas\/#breadcrumb"},"inLanguage":"en-US","potentialAction":[{"@type":"ReadAction","target":["https:\/\/www.keramikahelienka.sk\/o_nas\/"]}]},{"@type":"ImageObject","inLanguage":"en-US","@id":"https:\/\/www.keramikahelienka.sk\/o_nas\/#primaryimage","url":"https:\/\/www.keramikahelienka.sk\/wp-content\/uploads\/2023\/11\/Helena-858x1024.jpg","contentUrl":"https:\/\/www.keramikahelienka.sk\/wp-content\/uploads\/2023\/11\/Helena-858x1024.jpg"},{"@type":"BreadcrumbList","@id":"https:\/\/www.keramikahelienka.sk\/o_nas\/#breadcrumb","itemListElement":[{"@type":"ListItem","position":1,"name":"Domovsk\u00e1 str\u00e1nka","item":"https:\/\/www.keramikahelienka.sk\/"},{"@type":"ListItem","position":2,"name":"O N\u00c1S"}]},{"@type":"WebSite","@id":"https:\/\/www.keramikahelienka.sk\/#website","url":"https:\/\/www.keramikahelienka.sk\/","name":"Keramika He-lienka","description":"Kr\u00e1sa a \u00fa\u017eitok","publisher":{"@id":"https:\/\/www.keramikahelienka.sk\/#organization"},"potentialAction":[{"@type":"SearchAction","target":{"@type":"EntryPoint","urlTemplate":"https:\/\/www.keramikahelienka.sk\/?s={search_term_string}"},"query-input":{"@type":"PropertyValueSpecification","valueRequired":true,"valueName":"search_term_string"}}],"inLanguage":"en-US"},{"@type":"Organization","@id":"https:\/\/www.keramikahelienka.sk\/#organization","name":"Keramika He-lienka","url":"https:\/\/www.keramikahelienka.sk\/","logo":{"@type":"ImageObject","inLanguage":"en-US","@id":"https:\/\/www.keramikahelienka.sk\/#\/schema\/logo\/image\/","url":"https:\/\/www.keramikahelienka.sk\/wp-content\/uploads\/2023\/11\/keramika-helienka-logo.png","contentUrl":"https:\/\/www.keramikahelienka.sk\/wp-content\/uploads\/2023\/11\/keramika-helienka-logo.png","width":419,"height":197,"caption":"Keramika He-lienka"},"image":{"@id":"https:\/\/www.keramikahelienka.sk\/#\/schema\/logo\/image\/"},"sameAs":["https:\/\/www.facebook.com\/keramikahe-lienka","https:\/\/www.instagram.com\/keramika_helienka\/"]}]}},"jetpack_sharing_enabled":true,"_links":{"self":[{"href":"https:\/\/www.keramikahelienka.sk\/en\/wp-json\/wp\/v2\/pages\/14","targetHints":{"allow":["GET"]}}],"collection":[{"href":"https:\/\/www.keramikahelienka.sk\/en\/wp-json\/wp\/v2\/pages"}],"about":[{"href":"https:\/\/www.keramikahelienka.sk\/en\/wp-json\/wp\/v2\/types\/page"}],"author":[{"embeddable":true,"href":"https:\/\/www.keramikahelienka.sk\/en\/wp-json\/wp\/v2\/users\/1"}],"replies":[{"embeddable":true,"href":"https:\/\/www.keramikahelienka.sk\/en\/wp-json\/wp\/v2\/comments?post=14"}],"version-history":[{"count":13,"href":"https:\/\/www.keramikahelienka.sk\/en\/wp-json\/wp\/v2\/pages\/14\/revisions"}],"predecessor-version":[{"id":2006,"href":"https:\/\/www.keramikahelienka.sk\/en\/wp-json\/wp\/v2\/pages\/14\/revisions\/2006"}],"wp:attachment":[{"href":"https:\/\/www.keramikahelienka.sk\/en\/wp-json\/wp\/v2\/media?parent=14"}],"curies":[{"name":"wp","href":"https:\/\/api.w.org\/{rel}","templated":true}]}}